{"id":231,"date":"2018-01-03T17:35:52","date_gmt":"2018-01-03T16:35:52","guid":{"rendered":"http:\/\/ijeees.com\/?page_id=231"},"modified":"2024-02-06T13:53:58","modified_gmt":"2024-02-06T12:53:58","slug":"editorial-boards","status":"publish","type":"page","link":"https:\/\/ijeees.com\/index.php\/editorial-boards\/","title":{"rendered":"Editorial Boards"},"content":{"rendered":"<div class=\"vce-row-container\" data-vce-boxed-width=\"true\"><div class=\"vce-row vce-row--col-gap-30 vce-row-content--top\" id=\"el-3b8b5463\" data-vce-do-apply=\"all el-3b8b5463\"><div class=\"vce-row-content\" data-vce-element-content=\"true\"><div class=\"vce-col vce-col--md-100p vce-col--xs-1 vce-col--xs-last vce-col--xs-first vce-col--sm-last vce-col--sm-first vce-col--md-last vce-col--lg-last vce-col--xl-last vce-col--md-first vce-col--lg-first vce-col--xl-first\" id=\"el-5f47db3d\"><div class=\"vce-col-inner\" data-vce-do-apply=\"border margin background  el-5f47db3d\"><div class=\"vce-col-content\" data-vce-element-content=\"true\" data-vce-do-apply=\"padding el-5f47db3d\"><div class=\"vce-text-block\"><div class=\"vce-text-block-wrapper vce\" id=\"el-1fba8b8a\" data-vce-do-apply=\"all el-1fba8b8a\"><hr><h1 style=\"text-align: center;\"><span style=\"color: #ff0000;\">Editor in Chief<\/span><\/h1><h2 style=\"text-align: center;\">Pr. BENDAOUD Abdelber<\/h2><h2 style=\"text-align: center;\">University of Sidi-Bel-Abbes (Algeria)<\/h2><hr><p>&nbsp;<\/p><\/div><\/div><div class=\"vce-text-block\"><div class=\"vce-text-block-wrapper vce\" id=\"el-99d06d3d\" data-vce-do-apply=\"all el-99d06d3d\"><table width=\"539\"><tbody><tr><td width=\"24\"><p><strong>Dr.<\/strong><\/p><\/td><td width=\"185\"><p style=\"line-height: inherit;\"><strong>ABDELFATTAH Riadh<\/strong><\/p><\/td><td width=\"331\"><p><strong>&nbsp;Ecole Sup\u00e9rieure des Communication de Tunisie<\/strong><\/p><\/td><\/tr><tr><td width=\"24\"><p><strong>Pr.<\/strong><\/p><\/td><td width=\"185\"><p><strong>ADAMOU Rabani<\/strong><\/p><\/td><td width=\"331\"><p><strong>University of Abdou Moumouni (Niger)<\/strong><\/p><\/td><\/tr><tr><td width=\"24\"><p><strong>Pr.<\/strong><\/p><\/td><td width=\"185\"><p><strong>AGBOSSOU Kodjo<\/strong><\/p><\/td><td width=\"331\"><p><strong>University of Qu\u00e9bec trois rivi\u00e8res (Canada)<\/strong><\/p><\/td><\/tr><tr><td width=\"24\"><p><strong>Dr.<\/strong><\/p><\/td><td width=\"185\"><p><strong>AHMED HASSAN Heba<\/strong><\/p><\/td><td width=\"331\"><p><strong>University of Cairo (Egypt)<\/strong><\/p><\/td><\/tr><tr><td width=\"24\"><p><strong>Dr.<\/strong><\/p><\/td><td width=\"185\"><p><strong>AISSA Brahim<\/strong><\/p><\/td><td width=\"331\"><p><strong>University of HBKU (Qatar)<\/strong><\/p><\/td><\/tr><tr><td width=\"24\"><p><strong>Pr.<\/strong><\/p><\/td><td width=\"185\"><p><strong>AISSAOUI Abdelghani<\/strong><\/p><\/td><td width=\"331\"><p><strong>University of Bechar (Algeria)<\/strong><\/p><\/td><\/tr><tr><td width=\"24\"><p><strong>Dr.<\/strong><\/p><\/td><td width=\"185\"><p><strong>ALES Achour<\/strong><\/p><\/td><td width=\"331\"><p><strong>Polytechnic Military School \u2013 Algiers(Algeria)<\/strong><\/p><\/td><\/tr><tr><td width=\"24\"><p><strong>Pr.<\/strong><\/p><\/td><td width=\"185\"><p><strong>AZZOUZI Messaouda<\/strong><\/p><\/td><td width=\"331\"><p><strong>University of Djelfa (Algeria)<\/strong><\/p><\/td><\/tr><tr><td width=\"24\"><p><strong>Pr.<\/strong><\/p><\/td><td width=\"185\"><p><strong>BAGHLI Lotfi<\/strong><\/p><\/td><td width=\"331\"><p><strong>University of Tlemcen (Algeria)<\/strong><\/p><\/td><\/tr><tr><td width=\"24\"><p><strong>Pr.<\/strong><\/p><\/td><td width=\"185\"><p><strong>BAYADI Abdelhafid<\/strong><\/p><\/td><td width=\"331\"><p><strong>University of Setif (Algeria)<\/strong><\/p><\/td><\/tr><tr><td width=\"24\"><p><strong>Dr.<\/strong><\/p><\/td><td width=\"185\"><p><strong>BENAZZA Baghdadi<\/strong><\/p><\/td><td width=\"331\"><p><strong>Univesity of Ain-Temouchent (Algeria)<\/strong><\/p><\/td><\/tr><tr><td width=\"24\"><p><strong>Pr.<\/strong><\/p><\/td><td width=\"185\"><p><strong>BENBOUZID Mohamed<\/strong><\/p><\/td><td width=\"331\"><p><strong>University of Brest (France)<\/strong><\/p><\/td><\/tr><tr><td width=\"24\"><p><strong>Pr.<\/strong><\/p><\/td><td width=\"185\"><p><strong>BENDAOUD Abdelber&nbsp;<\/strong><\/p><\/td><td width=\"331\"><p><strong>University of Sidi-Bel-Abbes (Algeria)<\/strong><\/p><\/td><\/tr><tr><td width=\"24\"><p><strong>Pr.<\/strong><\/p><\/td><td width=\"185\"><p><strong>BENDAOUDI Amina<\/strong><\/p><\/td><td width=\"331\"><p><strong>University of Sidi-Bel-Abbes (Algeria)<\/strong><\/p><\/td><\/tr><tr><td width=\"24\"><p><strong>Pr.<\/strong><\/p><\/td><td width=\"185\"><p><strong>BENSETTI Mohamed<\/strong><\/p><\/td><td width=\"331\"><p><strong>Group of Electrical Engineering, Paris (France)<\/strong><\/p><\/td><\/tr><tr><td width=\"24\"><p><strong>Pr.<\/strong><\/p><\/td><td width=\"185\"><p><strong>BERIZZI Alberto<\/strong><\/p><\/td><td width=\"331\"><p><strong>Politechnico Di Milano (Italy)<\/strong><\/p><\/td><\/tr><tr><td width=\"24\"><p><strong>Pr.<\/strong><\/p><\/td><td width=\"185\"><p><strong>BEROUAL Abderrahmane<\/strong><\/p><\/td><td width=\"331\"><p><strong>Ecole Centrale de Lyon (France)<\/strong><\/p><\/td><\/tr><tr><td width=\"24\"><p><strong>Pr.<\/strong><\/p><\/td><td width=\"185\"><p><strong>BERRI&nbsp; Jawad<\/strong><\/p><\/td><td width=\"331\"><p><strong>King Saud University (Saudi Arabia)<\/strong><\/p><\/td><\/tr><tr><td width=\"24\"><p><strong>Pr.<\/strong><\/p><\/td><td width=\"185\"><p><strong>BIN MOKHLIS&nbsp; Hazlie<\/strong><\/p><\/td><td width=\"331\"><p><strong>Univeristy of Malaya (Malaysia)<\/strong><\/p><\/td><\/tr><tr><td width=\"24\"><p><strong>Dr.<\/strong><\/p><\/td><td width=\"185\"><p><strong>BOCCALETTI Chiara<\/strong><\/p><\/td><td width=\"331\"><p><strong>Sapienza University of Rom (Italy)<\/strong><\/p><\/td><\/tr><tr><td width=\"24\"><p><strong>Pr.<\/strong><\/p><\/td><td width=\"185\"><p><strong>BOUBAKEUR&nbsp; Ahmed<\/strong><\/p><\/td><td width=\"331\"><p><strong>ENP Algiers (Algeria)<\/strong><\/p><\/td><\/tr><tr><td width=\"24\"><p><strong>Pr.<\/strong><\/p><\/td><td width=\"185\"><p><strong>BOUDOUR Mohamed<\/strong><\/p><\/td><td width=\"331\"><p><strong>University of USTHB Algiers (Algeria)<\/strong><\/p><\/td><\/tr><tr><td width=\"24\"><p><strong>Dr.<\/strong><\/p><\/td><td width=\"185\"><p><strong>BOULARBAH Souissi<\/strong><\/p><\/td><td width=\"331\"><p><strong>University of USTHB Algiers (Algeria)<\/strong><\/p><\/td><\/tr><tr><td width=\"24\"><p><strong>Pr.<\/strong><\/p><\/td><td width=\"185\"><p><strong>BRAHAMI Mostefa<\/strong><\/p><\/td><td width=\"331\"><p><strong>University of Sidi-Bel-Abbes (Algeria)<\/strong><\/p><\/td><\/tr><tr><td width=\"24\"><p><strong>Pr.<\/strong><\/p><\/td><td width=\"185\"><p><strong>CAPPELLI Mauro<\/strong><\/p><\/td><td width=\"331\"><p><strong>Frascati Research Center Rome (Italy)<\/strong><\/p><\/td><\/tr><tr><td width=\"24\"><p><strong>Dr.<\/strong><\/p><\/td><td width=\"185\"><p><strong>CHAIB Noureddine<\/strong><\/p><\/td><td width=\"331\"><p><strong>University of Laghouat (Algeria)<\/strong><\/p><\/td><\/tr><tr><td width=\"24\"><p><strong>Pr.<\/strong><\/p><\/td><td width=\"185\"><p><strong>CHALLAL Mouloud<\/strong><\/p><\/td><td width=\"331\"><p><strong>University of Boumerdes (Algeria)<\/strong><\/p><\/td><\/tr><tr><td width=\"24\"><p><strong>Pr.<\/strong><\/p><\/td><td width=\"185\"><p><strong>CHANDRA Ambrish<\/strong><\/p><\/td><td width=\"331\"><p><strong>University of Montr\u00e9al (Canada)<\/strong><\/p><\/td><\/tr><tr><td width=\"24\"><p><strong>Pr.<\/strong><\/p><\/td><td width=\"185\"><p><strong>CHELALI Fatima Zohra<\/strong><\/p><\/td><td width=\"331\"><p><strong>University of USTHB Algiers (Algeria)<\/strong><\/p><\/td><\/tr><tr><td width=\"24\"><p><strong>Dr.<\/strong><\/p><\/td><td width=\"185\"><p><strong>CHENTIR Amina<\/strong><\/p><\/td><td width=\"331\"><p><strong>University of Blida 1 (Algeria)<\/strong><\/p><\/td><\/tr><tr><td width=\"24\"><p><strong>Dr.<\/strong><\/p><\/td><td width=\"185\"><p><strong>CHIKR EL-MEZOUAR Miloud<\/strong><\/p><\/td><td width=\"331\"><p><strong>University of Sidi-Bel-Abbes (Algeria)<\/strong><\/p><\/td><\/tr><tr><td width=\"24\"><p><strong>Pr.<\/strong><\/p><\/td><td width=\"185\"><p><strong>CHITOUB Salim<\/strong><\/p><\/td><td width=\"331\"><p><strong>University of USTHB Algiers (Algeria)<\/strong><\/p><\/td><\/tr><tr><td width=\"24\"><p><strong>Dr.<\/strong><\/p><\/td><td width=\"185\"><p><strong>DAAMOUCHE Abdelhamid<\/strong><\/p><\/td><td width=\"331\"><p><strong>UMBB university Boumerdes<\/strong><\/p><\/td><\/tr><tr><td width=\"24\"><p><strong>Dr.<\/strong><\/p><\/td><td width=\"185\"><p><strong>DERKAOUI Mokhtaria<\/strong><\/p><\/td><td width=\"331\"><p><strong>University of USTMB Oran (Algeria)<\/strong><\/p><\/td><\/tr><tr><td width=\"24\"><p><strong>Pr.<\/strong><\/p><\/td><td width=\"185\"><p><strong>DASCACLESCU Lucien<\/strong><\/p><\/td><td width=\"331\"><p><strong>University of Poitiers (France)<\/strong><\/p><\/td><\/tr><tr><td width=\"24\"><p><strong>Pr.<\/strong><\/p><\/td><td width=\"185\"><p><strong>DENIDNI Tayeb Ahmed<\/strong><\/p><\/td><td width=\"331\"><p><strong>Institut National de la Recherche Scientifique (INRS), Canada<\/strong><\/p><\/td><\/tr><tr><td width=\"24\"><p><strong>Pr.<\/strong><\/p><\/td><td width=\"185\"><p><strong>DESSOUKY Yasser Gaber<\/strong><\/p><\/td><td width=\"331\"><p><strong>AASTMT, Alexandria (Egypt)<\/strong><\/p><\/td><\/tr><tr><td width=\"24\"><p><strong>Pr.<\/strong><\/p><\/td><td width=\"185\"><p><strong>DJEMAI Mohamed<\/strong><\/p><\/td><td width=\"331\"><p><strong>University of Valenciennes (France)<\/strong><\/p><\/td><\/tr><tr><td width=\"24\"><p><strong>Pr.<\/strong><\/p><\/td><td width=\"185\"><p><strong>EL SHARKAOUI Mohamed<\/strong><\/p><\/td><td width=\"331\"><p><strong>University of Washington (USA)<\/strong><\/p><\/td><\/tr><tr><td width=\"24\"><p><strong>Pr.<\/strong><\/p><\/td><td width=\"185\"><p><strong>FLAZI Samir<\/strong><\/p><\/td><td width=\"331\"><p><strong>University of USTMB Oran (Algeria)<\/strong><\/p><\/td><\/tr><tr><td width=\"24\"><p><strong>Pr.<\/strong><\/p><\/td><td width=\"185\"><p><strong>GHOUL HADIBY Rachida<\/strong><\/p><\/td><td width=\"331\"><p><strong>University of USTMB Oran (Algeria)<\/strong><\/p><\/td><\/tr><tr><td width=\"24\"><p><strong>Dr.<\/strong><\/p><\/td><td width=\"185\"><p><strong>HAMITI Tahar<\/strong><\/p><\/td><td width=\"331\"><p><strong>VEDECOM (France)<\/strong><\/p><\/td><\/tr><tr><td width=\"24\"><p><strong>Pr.<\/strong><\/p><\/td><td width=\"185\"><p><strong>IBTIOUEN Rachid<\/strong><\/p><\/td><td width=\"331\"><p><strong>ENP Algiers (Algeria)<\/strong><\/p><\/td><\/tr><tr><td width=\"24\"><p><strong>Pr.<\/strong><\/p><\/td><td width=\"185\"><p><strong>IDIR Nadir<\/strong><\/p><\/td><td width=\"331\"><p><strong>University of Lille 1 (France)<\/strong><\/p><\/td><\/tr><tr><td width=\"24\"><p><strong>Pr.<\/strong><\/p><\/td><td width=\"185\"><p><strong>KACHA Arslane Haitem<\/strong><\/p><\/td><td width=\"331\"><p><strong>University of Sidi-Bel-Abbes (Algeria)<\/strong><\/p><\/td><\/tr><tr><td width=\"24\"><p><strong>Dr.<\/strong><\/p><\/td><td width=\"185\"><p><strong>KANDOUCI Chahinaz<\/strong><\/p><\/td><td width=\"331\"><p><strong>University of Sidi-Bel-Abbes (Algeria)<\/strong><\/p><\/td><\/tr><tr><td width=\"24\"><p><strong>Dr.<\/strong><\/p><\/td><td width=\"185\"><p><strong>KARAOUI Moussa Sofiane<\/strong><\/p><\/td><td width=\"331\"><p><strong>Centre des Techniques Spatiales\/Agence Spatiale (Algeria)<\/strong><\/p><\/td><\/tr><tr><td width=\"24\"><p><strong>Pr.<\/strong><\/p><\/td><td width=\"185\"><p><strong>KHEZZAR Abdelmalek<\/strong><\/p><\/td><td width=\"331\"><p><strong>University of Constantine (Algeria)<\/strong><\/p><\/td><\/tr><tr><td width=\"24\"><p><strong>Pr.<\/strong><\/p><\/td><td width=\"185\"><p><strong>KPALMA Kidiyo<\/strong><\/p><\/td><td width=\"331\"><p><strong>&nbsp;INSA of Rennes (France)<\/strong><\/p><\/td><\/tr><tr><td width=\"24\"><p><strong>Pr.<\/strong><\/p><\/td><td width=\"185\"><p><strong>KRIM Fateh<\/strong><\/p><\/td><td width=\"331\"><p><strong>University of Setif (Algeria)<\/strong><\/p><\/td><\/tr><tr><td width=\"24\"><p><strong>Pr.<\/strong><\/p><\/td><td width=\"185\"><p><strong>KRISHNA Busawon<\/strong><\/p><\/td><td width=\"331\"><p><strong>Northumbria University of Newcastle (England)<\/strong><\/p><\/td><\/tr><tr><td width=\"24\"><p><strong>Pr.<\/strong><\/p><\/td><td width=\"185\"><p><strong>LE BIHAN Yann<\/strong><\/p><\/td><td width=\"331\"><p><strong>&nbsp;Group of Electrical Engineering, Paris (France)<\/strong><\/p><\/td><\/tr><tr><td width=\"24\"><p><strong>Dr.<\/strong><\/p><\/td><td width=\"185\"><p><strong>LUBIN Thierry<\/strong><\/p><\/td><td width=\"331\"><p><strong>University of Lorraine (France)<\/strong><\/p><\/td><\/tr><tr><td width=\"24\"><p><strong>Pr.<\/strong><\/p><\/td><td width=\"185\"><p><strong>MAHDJOUB Zoubir<\/strong><\/p><\/td><td width=\"331\"><p><strong>University of Sidi-Bel-Abbes (Algeria)<\/strong><\/p><\/td><\/tr><tr><td width=\"24\"><p><strong>Pr.<\/strong><\/p><\/td><td width=\"185\"><p><strong>MAUN Jean Claude<\/strong><\/p><\/td><td width=\"331\"><p><strong>University of Bruxelles (Belgium)<\/strong><\/p><\/td><\/tr><tr><td width=\"24\"><p><strong>Pr.<\/strong><\/p><\/td><td width=\"185\"><p><strong>MEDLES Karim<\/strong><\/p><\/td><td width=\"331\"><p><strong>University of Poitiers (France)<\/strong><\/p><\/td><\/tr><tr><td width=\"24\"><p><strong>Pr.<\/strong><\/p><\/td><td width=\"185\"><p><strong>MEKAOUI Slimane<\/strong><\/p><\/td><td width=\"331\"><p><strong>University of USTHB Algiers (Algeria)<\/strong><\/p><\/td><\/tr><tr><td width=\"24\"><p><strong>Pr.<\/strong><\/p><\/td><td width=\"185\"><p><strong>MEKHALDI Abdelouahab&nbsp;<\/strong><\/p><\/td><td width=\"331\"><p><strong>ENP Algiers (Algeria)<\/strong><\/p><\/td><\/tr><tr><td width=\"24\"><p><strong>Pr.<\/strong><\/p><\/td><td width=\"185\"><p><strong>MELGANI Farid<\/strong><\/p><\/td><td width=\"331\"><p><strong>University of Trento (Italy)<\/strong><\/p><\/td><\/tr><tr><td width=\"24\"><p><strong>Dr.<\/strong><\/p><\/td><td width=\"185\"><p><strong>MENDAZ Kheira<\/strong><\/p><\/td><td width=\"331\"><p><strong>Univesity of Ain-Temouchent (Algeria)<\/strong><\/p><\/td><\/tr><tr><td width=\"24\"><p><strong>Pr.<\/strong><\/p><\/td><td width=\"185\"><p><strong>MONMASSON Eric<\/strong><\/p><\/td><td width=\"331\"><p><strong>University of Cergy-Pontoise (France)<\/strong><\/p><\/td><\/tr><tr><td width=\"24\"><p><strong>Dr.<\/strong><\/p><\/td><td width=\"185\"><p><strong>NASSOUR Kamel<\/strong><\/p><\/td><td width=\"331\"><p><strong>University of Sidi-Bel-Abbes (Algeria)<\/strong><\/p><\/td><\/tr><tr><td width=\"24\"><p><strong>Pr.<\/strong><\/p><\/td><td width=\"185\"><p><strong>OUAHABI Abdeldjalil<\/strong><\/p><\/td><td width=\"331\"><p><strong>University of Tours (France)<\/strong><\/p><\/td><\/tr><tr><td width=\"24\"><p><strong>Pr.<\/strong><\/p><\/td><td width=\"185\"><p><strong>OUARZEDDINZE Mounira<\/strong><\/p><\/td><td width=\"331\"><p><strong>University of USTHB Algiers (Algeria)<\/strong><\/p><\/td><\/tr><tr><td width=\"24\"><p><strong>Dr.<\/strong><\/p><\/td><td width=\"185\"><p><strong>OUKLI Mimouna<\/strong><\/p><\/td><td width=\"331\"><p><strong>University of Sidi-Bel-Abbes (Algeria)<\/strong><\/p><\/td><\/tr><tr><td width=\"24\"><p><strong>Pr.<\/strong><\/p><\/td><td width=\"185\"><p><strong>PICHON Lionel<\/strong><\/p><\/td><td width=\"331\"><p><strong>&nbsp;Group of Electrical Engineering, Paris (France)<\/strong><\/p><\/td><\/tr><tr><td width=\"24\"><p><strong>Pr.<\/strong><\/p><\/td><td width=\"185\"><p><strong>PONTIGA Francisco<\/strong><\/p><\/td><td width=\"331\"><p><strong>University of Seville (Spain)<\/strong><\/p><\/td><\/tr><tr><td width=\"24\"><p><strong>Pr.<\/strong><\/p><\/td><td width=\"185\"><p><strong>POPESCU Dumitru<\/strong><\/p><\/td><td width=\"331\"><p><strong>University Politehnica of Bucharest (Romania)<\/strong><\/p><\/td><\/tr><tr><td width=\"24\"><p><strong>Pr.<\/strong><\/p><\/td><td width=\"185\"><p><strong>REDONDO Luis<\/strong><\/p><\/td><td width=\"331\"><p><strong>ISEL, Lisbon, (France)<\/strong><\/p><\/td><\/tr><tr><td width=\"24\"><p><strong>Pr.<\/strong><\/p><\/td><td width=\"185\"><p><strong>RONSIN Joseph<\/strong><\/p><\/td><td width=\"331\"><p><strong>INSA of Rennes (France)<\/strong><\/p><\/td><\/tr><tr><td width=\"24\"><p><strong>Dr.<\/strong><\/p><\/td><td width=\"185\"><p><strong>SHEMSHADI Asaad<\/strong><\/p><\/td><td width=\"331\"><p><strong>Academic Staff of Arak University of Technology (Iran)<\/strong><\/p><\/td><\/tr><tr><td width=\"24\"><p><strong>Pr.<\/strong><\/p><\/td><td width=\"185\"><p><strong>TAKORABET Noureddine<\/strong><\/p><\/td><td width=\"331\"><p><strong>University of Lorraine (France)<\/strong><\/p><\/td><\/tr><tr><td width=\"24\"><p><strong>Pr.<\/strong><\/p><\/td><td width=\"185\"><p><strong>TALEB Nasreddine<\/strong><\/p><\/td><td width=\"331\"><p><strong>University of Sidi-Bel-Abbes (Algeria)<\/strong><\/p><\/td><\/tr><tr><td width=\"24\"><p><strong>Pr.<\/strong><\/p><\/td><td width=\"185\"><p><strong>TALBI Abbassia<\/strong><\/p><\/td><td width=\"331\"><p><strong>University of Sidi-Bel-Abbes (Algeria)<\/strong><\/p><\/td><\/tr><tr><td width=\"24\"><p><strong>Pr.<\/strong><\/p><\/td><td width=\"185\"><p><strong>TILMATINE Amar<\/strong><\/p><\/td><td width=\"331\"><p><strong>University of Sidi-Bel-Abbes (Algeria)<\/strong><\/p><\/td><\/tr><tr><td width=\"24\"><p><strong>Pr.<\/strong><\/p><\/td><td width=\"185\"><p><strong>TOUHAMI Omar<\/strong><\/p><\/td><td width=\"331\"><p><strong>ENP Algiers (Algeria)<\/strong><\/p><\/td><\/tr><tr><td width=\"24\"><p><strong>Pr.<\/strong><\/p><\/td><td width=\"185\"><p><strong>TOUNSI Mohamed Lamine<\/strong><\/p><\/td><td width=\"331\"><p><strong>University of USTHB Algiers (Algeria)<\/strong><\/p><\/td><\/tr><tr><td width=\"24\"><p><strong>Pr.<\/strong><\/p><\/td><td width=\"185\"><p><strong>YAGOUB Mustapha<\/strong><\/p><\/td><td width=\"331\"><p><strong>&nbsp;University of Ottawa (Canada)<\/strong><\/p><\/td><\/tr><tr><td width=\"24\"><p><strong>Pr.<\/strong><\/p><\/td><td width=\"185\"><p><strong>ZAIM Mohammed El Hadi<\/strong><\/p><\/td><td width=\"331\"><p><strong>University of Nantes (France)<\/strong><\/p><\/td><\/tr><tr><td width=\"24\"><p><strong>Dr.<\/strong><\/p><\/td><td width=\"185\"><p><strong>ZOUZOU Noureddine<\/strong><\/p><\/td><td width=\"331\"><p><strong>University of Poitiers (France)<\/strong><\/p><\/td><\/tr><\/tbody><\/table><\/div><\/div><\/div><\/div><\/div><\/div><\/div><\/div>\n","protected":false},"excerpt":{"rendered":"<p>Editor in ChiefPr. BENDAOUD AbdelberUniversity of Sidi-Bel-Abbes (Algeria)&nbsp;Dr.ABDELFATTAH Riadh&nbsp;Ecole Sup\u00e9rieure des Communication de TunisiePr.ADAMOU RabaniUniversity of Abdou Moumouni (Niger)Pr.AGBOSSOU KodjoUniversity of Qu\u00e9bec trois rivi\u00e8res (Canada)Dr.AHMED HASSAN HebaUniversity of Cairo (Egypt)Dr.AISSA BrahimUniversity of HBKU (Qatar)Pr.AISSAOUI AbdelghaniUniversity of Bechar (Algeria)Dr.ALES AchourPolytechnic Military School \u2013 Algiers(Algeria)Pr.AZZOUZI MessaoudaUniversity of Djelfa (Algeria)Pr.BAGHLI LotfiUniversity of Tlemcen (Algeria)Pr.BAYADI AbdelhafidUniversity of Setif (Algeria)Dr.BENAZZA [&hellip;]<\/p>\n","protected":false},"author":1,"featured_media":0,"parent":0,"menu_order":0,"comment_status":"closed","ping_status":"closed","template":"","meta":{"footnotes":""},"class_list":["post-231","page","type-page","status-publish","hentry"],"_links":{"self":[{"href":"https:\/\/ijeees.com\/index.php\/wp-json\/wp\/v2\/pages\/231"}],"collection":[{"href":"https:\/\/ijeees.com\/index.php\/wp-json\/wp\/v2\/pages"}],"about":[{"href":"https:\/\/ijeees.com\/index.php\/wp-json\/wp\/v2\/types\/page"}],"author":[{"embeddable":true,"href":"https:\/\/ijeees.com\/index.php\/wp-json\/wp\/v2\/users\/1"}],"replies":[{"embeddable":true,"href":"https:\/\/ijeees.com\/index.php\/wp-json\/wp\/v2\/comments?post=231"}],"version-history":[{"count":23,"href":"https:\/\/ijeees.com\/index.php\/wp-json\/wp\/v2\/pages\/231\/revisions"}],"predecessor-version":[{"id":1510,"href":"https:\/\/ijeees.com\/index.php\/wp-json\/wp\/v2\/pages\/231\/revisions\/1510"}],"wp:attachment":[{"href":"https:\/\/ijeees.com\/index.php\/wp-json\/wp\/v2\/media?parent=231"}],"curies":[{"name":"wp","href":"https:\/\/api.w.org\/{rel}","templated":true}]}}